{"id":484,"date":"2021-03-16T15:13:55","date_gmt":"2021-03-16T14:13:55","guid":{"rendered":"https:\/\/www.samideveloppement.com\/chi-siamo\/"},"modified":"2021-09-22T16:36:40","modified_gmt":"2021-09-22T14:36:40","slug":"cine-suntem-noi","status":"publish","type":"page","link":"https:\/\/www.samideveloppement.com\/ro\/cine-suntem-noi\/","title":{"rendered":"Cine suntem noi"},"content":{"rendered":"\n<p>\u201eSAMI D\u00c9VELOPPEMENT SA este o companie \u00eenfiin\u021bat\u0103&nbsp; \u00een 2020: specializat\u0103 \u00een principal \u00een sectorul&nbsp;<strong>agroalimentar<\/strong>&nbsp;, dar cu o bun\u0103 prezen\u021b\u0103 \u0219i \u00een domeniul&nbsp;<strong>farmaceutic<\/strong>&nbsp;,&nbsp;<strong>cosmetic<\/strong>&nbsp;\u0219i&nbsp;<strong>chimic<\/strong>&nbsp;, reprezint\u0103 filiala unui grup de companii, italiene \u0219i elve\u021biene, care opereaz\u0103 diverse activit\u0103\u021bi de produc\u021bie, \u00een special:<\/p>\n\n\n\n<ul class=\"wp-block-list\"><li>Proiectare, inginerie, fabricare \u0219i asamblare de ma\u0219ini \u0219i instala\u021bii de produc\u021bie industrial\u0103 automat\u0103 \u0219i semi-automat\u0103;<\/li><li>Proiectare de software pentru aplica\u021bii de automatizare \u0219i robotic\u0103 industrial\u0103;<\/li><li>Inginerie electric\u0103, automatizare industrial\u0103 \u0219i aplica\u021bii \u00een domeniul civil;<\/li><li>Instala\u021bii pentru depozitarea, transportul, dozarea \u0219i automatizarea materiilor prime;<\/li><li>Proiectarea, ingineria, fabricarea \u0219i asamblarea ma\u0219inilor pentru carton \u0219i ambalarea mai multor tipuri de produse.<\/li><\/ul>\n\n\n\n<p>Din 2015, dup\u0103 ani de colaborare \u00een realizarea mai multor&nbsp;<strong>proiecte<\/strong>&nbsp;dezvoltate \u00een sinergie, acest grup de companii a decis s\u0103 lucreze la crearea filialei lor.<\/p>\n\n\n\n<p>Astfel&nbsp;<strong>s-a<\/strong>&nbsp;n\u0103scut&nbsp;<strong>SAMI D\u00e9veloppement SA,<\/strong>&nbsp;cu&nbsp;<strong>scopul de a colecta \u0219i exploata experien\u021be tehnice, profesionale \u0219i de proiectare<\/strong>&nbsp;din sectoarele agroalimentare, cosmetice, farmaceutice \u0219i chimice de la toate companiile care fac parte din grup, astfel \u00eenc\u00e2t s\u0103 poat\u0103 garanta clien\u021bilor&nbsp;<strong>un serviciu mai bun<\/strong>&nbsp;\u0219i&nbsp;<strong>solu\u021bii tehnice inovatoare<\/strong>&nbsp;\u0219i din ce \u00een ce mai avansate.<\/p>\n\n\n\n<p>\u00cemp\u0103rt\u0103\u0219irea metodelor de lucru ale grupului permite, de asemenea, o&nbsp;<strong>\u00eembog\u0103\u021bire a proceselor de proiectare \u0219i produc\u021bie<\/strong>&nbsp;care garanteaz\u0103 o&nbsp;<strong>mai mare eficien\u021b\u0103 \u0219i profesionalism<\/strong>&nbsp;pentru a fi puse la dispozi\u021bia clien\u021bilor.<\/p>\n\n\n\n<p>Lucrul \u00een sinergie \u00eenseamn\u0103, de asemenea,&nbsp;<strong>o eficien\u021b\u0103 mai bun\u0103 \u00een gestionarea achizi\u021biilor de componente<\/strong>&nbsp;\u0219i&nbsp;<strong>optimizarea timpilor de proiectare<\/strong>&nbsp;, cu rezultatul&nbsp;<strong>unei rentabilit\u0103\u021bi mai mari<\/strong>&nbsp;\u00een beneficiul clientului final.<\/p>\n\n\n\n<p>Datorit\u0103 acestei colabor\u0103ri, companiile pun la dispozi\u021bia clien\u021bilor&nbsp;<strong>peste&nbsp;160 de ani de experien\u021b\u0103 cumulat\u0103<\/strong>&nbsp;\u0219i peste&nbsp;<strong>820 de instala\u021bii realizate<\/strong>&nbsp;, at\u00e2t pe mai multe pie\u021be europene, c\u00e2t \u0219i extra-europene. \u201d<\/p>\n\n\n\n<figure class=\"wp-block-pullquote\"><blockquote><p>Filozofia noastr\u0103 ne face s\u0103 spunem c\u0103 pasiunea \u00een munca noastr\u0103 este ceea ce avem \u00een comun: este baza tuturor activit\u0103\u021bilor noastre \u0219i, cu abilit\u0103\u021bile noastre, este ceea ce ne permite s\u0103 progres\u0103m \u0219i s\u0103 dezvolt\u0103m \u00een mod constant noi proiecte.<\/p><\/blockquote><\/figure>\n","protected":false},"excerpt":{"rendered":"\u201eSAMI D\u00c9VELOPPEMENT SA este o companie \u00eenfiin\u021bat\u0103&nbsp; \u00een 2020: specializat\u0103 \u00een principal \u00een sectorul&nbsp;agroalimentar&nbsp;, dar cu o bun\u0103 prezen\u021b\u0103 \u0219i \u00een domeniul&nbsp;farmaceutic&nbsp;,&nbsp;cosmetic&nbsp;\u0219i&nbsp;chimic&nbsp;, reprezint\u0103 filiala unui grup de companii, italiene \u0219i elve\u021biene, care opereaz\u0103 diverse activit\u0103\u021bi de produc\u021bie, \u00een special: Proiectare, inginerie, fabricare \u0219i asamblare de ma\u0219ini \u0219i instala\u021bii de produc\u021bie industrial\u0103 automat\u0103 \u0219i semi-automat\u0103;Proiectare de [&hellip;]","protected":false},"author":1,"featured_media":684,"parent":0,"menu_order":1,"comment_status":"closed","ping_status":"closed","template":"","meta":{"_acf_changed":false,"footnotes":""},"class_list":["post-484","page","type-page","status-publish","has-post-thumbnail","hentry"],"acf":[],"yoast_head":"<!-- This site is optimized with the Yoast SEO plugin v27.4 - https:\/\/yoast.com\/product\/yoast-seo-wordpress\/ -->\n<title>Cine suntem noi - SAMI<\/title>\n<meta name=\"robots\" content=\"index, follow, max-snippet:-1, max-image-preview:large, max-video-preview:-1\" \/>\n<link rel=\"canonical\" href=\"https:\/\/www.samideveloppement.com\/ro\/cine-suntem-noi\/\" \/>\n<meta property=\"og:locale\" content=\"ro_RO\" \/>\n<meta property=\"og:type\" content=\"article\" \/>\n<meta property=\"og:title\" content=\"Cine suntem noi - SAMI\" \/>\n<meta property=\"og:description\" content=\"\u201eSAMI D\u00c9VELOPPEMENT SA este o companie \u00eenfiin\u021bat\u0103&nbsp; \u00een 2020: specializat\u0103 \u00een principal \u00een sectorul&nbsp;agroalimentar&nbsp;, dar cu o bun\u0103 prezen\u021b\u0103 \u0219i \u00een domeniul&nbsp;farmaceutic&nbsp;,&nbsp;cosmetic&nbsp;\u0219i&nbsp;chimic&nbsp;, reprezint\u0103 filiala unui grup de companii, italiene \u0219i elve\u021biene, care opereaz\u0103 diverse activit\u0103\u021bi de produc\u021bie, \u00een special: Proiectare, inginerie, fabricare \u0219i asamblare de ma\u0219ini \u0219i instala\u021bii de produc\u021bie industrial\u0103 automat\u0103 \u0219i semi-automat\u0103;Proiectare de [&hellip;]\" \/>\n<meta property=\"og:url\" content=\"https:\/\/www.samideveloppement.com\/ro\/cine-suntem-noi\/\" \/>\n<meta property=\"og:site_name\" content=\"SAMI\" \/>\n<meta property=\"article:modified_time\" content=\"2021-09-22T14:36:40+00:00\" \/>\n<meta property=\"og:image\" content=\"https:\/\/www.samideveloppement.com\/wp-content\/uploads\/2021\/03\/Chi_Siamo.webp\" \/>\n\t<meta property=\"og:image:width\" content=\"1920\" \/>\n\t<meta property=\"og:image:height\" content=\"1080\" \/>\n\t<meta property=\"og:image:type\" content=\"image\/webp\" \/>\n<meta name=\"twitter:card\" content=\"summary_large_image\" \/>\n<meta name=\"twitter:label1\" content=\"Timp estimat pentru citire\" \/>\n\t<meta name=\"twitter:data1\" content=\"2 minute\" \/>\n<script type=\"application\/ld+json\" class=\"yoast-schema-graph\">{\"@context\":\"https:\\\/\\\/schema.org\",\"@graph\":[{\"@type\":\"WebPage\",\"@id\":\"https:\\\/\\\/www.samideveloppement.com\\\/ro\\\/cine-suntem-noi\\\/\",\"url\":\"https:\\\/\\\/www.samideveloppement.com\\\/ro\\\/cine-suntem-noi\\\/\",\"name\":\"Cine suntem noi - SAMI\",\"isPartOf\":{\"@id\":\"https:\\\/\\\/www.samideveloppement.com\\\/ro\\\/#website\"},\"primaryImageOfPage\":{\"@id\":\"https:\\\/\\\/www.samideveloppement.com\\\/ro\\\/cine-suntem-noi\\\/#primaryimage\"},\"image\":{\"@id\":\"https:\\\/\\\/www.samideveloppement.com\\\/ro\\\/cine-suntem-noi\\\/#primaryimage\"},\"thumbnailUrl\":\"https:\\\/\\\/www.samideveloppement.com\\\/wp-content\\\/uploads\\\/2021\\\/03\\\/Chi_Siamo.webp\",\"datePublished\":\"2021-03-16T14:13:55+00:00\",\"dateModified\":\"2021-09-22T14:36:40+00:00\",\"inLanguage\":\"ro-RO\",\"potentialAction\":[{\"@type\":\"ReadAction\",\"target\":[\"https:\\\/\\\/www.samideveloppement.com\\\/ro\\\/cine-suntem-noi\\\/\"]}]},{\"@type\":\"ImageObject\",\"inLanguage\":\"ro-RO\",\"@id\":\"https:\\\/\\\/www.samideveloppement.com\\\/ro\\\/cine-suntem-noi\\\/#primaryimage\",\"url\":\"https:\\\/\\\/www.samideveloppement.com\\\/wp-content\\\/uploads\\\/2021\\\/03\\\/Chi_Siamo.webp\",\"contentUrl\":\"https:\\\/\\\/www.samideveloppement.com\\\/wp-content\\\/uploads\\\/2021\\\/03\\\/Chi_Siamo.webp\",\"width\":1920,\"height\":1080},{\"@type\":\"WebSite\",\"@id\":\"https:\\\/\\\/www.samideveloppement.com\\\/ro\\\/#website\",\"url\":\"https:\\\/\\\/www.samideveloppement.com\\\/ro\\\/\",\"name\":\"SAMI\",\"description\":\"\",\"potentialAction\":[{\"@type\":\"SearchAction\",\"target\":{\"@type\":\"EntryPoint\",\"urlTemplate\":\"https:\\\/\\\/www.samideveloppement.com\\\/ro\\\/?s={search_term_string}\"},\"query-input\":{\"@type\":\"PropertyValueSpecification\",\"valueRequired\":true,\"valueName\":\"search_term_string\"}}],\"inLanguage\":\"ro-RO\"}]}<\/script>\n<!-- \/ Yoast SEO plugin. -->","yoast_head_json":{"title":"Cine suntem noi - SAMI","robots":{"index":"index","follow":"follow","max-snippet":"max-snippet:-1","max-image-preview":"max-image-preview:large","max-video-preview":"max-video-preview:-1"},"canonical":"https:\/\/www.samideveloppement.com\/ro\/cine-suntem-noi\/","og_locale":"ro_RO","og_type":"article","og_title":"Cine suntem noi - SAMI","og_description":"\u201eSAMI D\u00c9VELOPPEMENT SA este o companie \u00eenfiin\u021bat\u0103&nbsp; \u00een 2020: specializat\u0103 \u00een principal \u00een sectorul&nbsp;agroalimentar&nbsp;, dar cu o bun\u0103 prezen\u021b\u0103 \u0219i \u00een domeniul&nbsp;farmaceutic&nbsp;,&nbsp;cosmetic&nbsp;\u0219i&nbsp;chimic&nbsp;, reprezint\u0103 filiala unui grup de companii, italiene \u0219i elve\u021biene, care opereaz\u0103 diverse activit\u0103\u021bi de produc\u021bie, \u00een special: Proiectare, inginerie, fabricare \u0219i asamblare de ma\u0219ini \u0219i instala\u021bii de produc\u021bie industrial\u0103 automat\u0103 \u0219i semi-automat\u0103;Proiectare de [&hellip;]","og_url":"https:\/\/www.samideveloppement.com\/ro\/cine-suntem-noi\/","og_site_name":"SAMI","article_modified_time":"2021-09-22T14:36:40+00:00","og_image":[{"width":1920,"height":1080,"url":"https:\/\/www.samideveloppement.com\/wp-content\/uploads\/2021\/03\/Chi_Siamo.webp","type":"image\/webp"}],"twitter_card":"summary_large_image","twitter_misc":{"Timp estimat pentru citire":"2 minute"},"schema":{"@context":"https:\/\/schema.org","@graph":[{"@type":"WebPage","@id":"https:\/\/www.samideveloppement.com\/ro\/cine-suntem-noi\/","url":"https:\/\/www.samideveloppement.com\/ro\/cine-suntem-noi\/","name":"Cine suntem noi - SAMI","isPartOf":{"@id":"https:\/\/www.samideveloppement.com\/ro\/#website"},"primaryImageOfPage":{"@id":"https:\/\/www.samideveloppement.com\/ro\/cine-suntem-noi\/#primaryimage"},"image":{"@id":"https:\/\/www.samideveloppement.com\/ro\/cine-suntem-noi\/#primaryimage"},"thumbnailUrl":"https:\/\/www.samideveloppement.com\/wp-content\/uploads\/2021\/03\/Chi_Siamo.webp","datePublished":"2021-03-16T14:13:55+00:00","dateModified":"2021-09-22T14:36:40+00:00","inLanguage":"ro-RO","potentialAction":[{"@type":"ReadAction","target":["https:\/\/www.samideveloppement.com\/ro\/cine-suntem-noi\/"]}]},{"@type":"ImageObject","inLanguage":"ro-RO","@id":"https:\/\/www.samideveloppement.com\/ro\/cine-suntem-noi\/#primaryimage","url":"https:\/\/www.samideveloppement.com\/wp-content\/uploads\/2021\/03\/Chi_Siamo.webp","contentUrl":"https:\/\/www.samideveloppement.com\/wp-content\/uploads\/2021\/03\/Chi_Siamo.webp","width":1920,"height":1080},{"@type":"WebSite","@id":"https:\/\/www.samideveloppement.com\/ro\/#website","url":"https:\/\/www.samideveloppement.com\/ro\/","name":"SAMI","description":"","potentialAction":[{"@type":"SearchAction","target":{"@type":"EntryPoint","urlTemplate":"https:\/\/www.samideveloppement.com\/ro\/?s={search_term_string}"},"query-input":{"@type":"PropertyValueSpecification","valueRequired":true,"valueName":"search_term_string"}}],"inLanguage":"ro-RO"}]}},"_links":{"self":[{"href":"https:\/\/www.samideveloppement.com\/ro\/wp-json\/wp\/v2\/pages\/484","targetHints":{"allow":["GET"]}}],"collection":[{"href":"https:\/\/www.samideveloppement.com\/ro\/wp-json\/wp\/v2\/pages"}],"about":[{"href":"https:\/\/www.samideveloppement.com\/ro\/wp-json\/wp\/v2\/types\/page"}],"author":[{"embeddable":true,"href":"https:\/\/www.samideveloppement.com\/ro\/wp-json\/wp\/v2\/users\/1"}],"replies":[{"embeddable":true,"href":"https:\/\/www.samideveloppement.com\/ro\/wp-json\/wp\/v2\/comments?post=484"}],"version-history":[{"count":0,"href":"https:\/\/www.samideveloppement.com\/ro\/wp-json\/wp\/v2\/pages\/484\/revisions"}],"wp:featuredmedia":[{"embeddable":true,"href":"https:\/\/www.samideveloppement.com\/ro\/wp-json\/wp\/v2\/media\/684"}],"wp:attachment":[{"href":"https:\/\/www.samideveloppement.com\/ro\/wp-json\/wp\/v2\/media?parent=484"}],"curies":[{"name":"wp","href":"https:\/\/api.w.org\/{rel}","templated":true}]}}