{"id":723,"date":"2021-03-16T15:13:55","date_gmt":"2021-03-16T14:13:55","guid":{"rendered":"https:\/\/www.samideveloppement.com\/?page_id=723"},"modified":"2021-06-30T10:36:44","modified_gmt":"2021-06-30T08:36:44","slug":"qui-nous-sommes","status":"publish","type":"page","link":"https:\/\/www.samideveloppement.com\/fr\/qui-nous-sommes\/","title":{"rendered":"Qui sommes nous"},"content":{"rendered":"\n<p>\u00ab\u00a0SAMI D\u00c9VELOPPEMENT SA est une soci\u00e9t\u00e9 n\u00e9e en 2020&nbsp;: sp\u00e9cialis\u00e9e principalement dans le <strong>secteur agroalimentaire<\/strong>, mais avec une bonne pr\u00e9sence \u00e9galement dans les domaines <strong>pharmaceutique<\/strong>, <strong>cosm\u00e9tique<\/strong> et <strong>chimique<\/strong>, elle repr\u00e9sente la filiale d\u2019un groupe d\u2019entreprises, italiennes et suisses, exer\u00e7ant des activit\u00e9s de production diverses, notamment&nbsp;:<\/p>\n\n\n\n<ul class=\"wp-block-list\"><li>Conception, ing\u00e9nierie, fabrication et assemblage des machines et installations de production industrielles automatiques et semi-automatiques\u00a0;<\/li><li>Conception de logiciels pour l\u2019automatisation et les applications de robotique industrielle\u00a0;<\/li><li>Ing\u00e9nierie \u00e9lectrique, automatisation industrielle et application dans le domaine civil\u00a0;<\/li><li>Installations de stockage, de transport, de dosage et d\u2019automatisation des mati\u00e8res premi\u00e8res ;<\/li><li>Conception, ing\u00e9nierie, fabrication et assemblage de machines pour le carton et l\u2019emballage de plusieurs typologies de produits.<\/li><\/ul>\n\n\n\n<p>\u00c0 partir de 2015, apr\u00e8s des ann\u00e9es de collaboration dans la r\u00e9alisation de plusieurs <strong>projets<\/strong> d\u00e9velopp\u00e9s en synergie, ce groupe d\u2019entreprises d\u00e9cide de travailler \u00e0 la cr\u00e9ation de leur filiale.<\/p>\n\n\n\n<p>C&rsquo;est ainsi qui na\u00eet<strong> SAMI D\u00e9veloppement SA,<\/strong> dans <strong>le but de recueillir et d\u2019exploiter les exp\u00e9riences techniques, professionnelles et de conception<\/strong> provenant des secteurs agroalimentaire, cosm\u00e9tique, pharmaceutique et chimique de r\u00e9f\u00e9rence de toutes les soci\u00e9t\u00e9s faisant partie du groupe, afin de pouvoir garantir aux clients un <strong>meilleur service<\/strong> et des <strong>solutions techniques innovantes<\/strong> et de plus en plus avanc\u00e9es.<\/p>\n\n\n\n<p>Le partage des m\u00e9thodes de travail du groupe permet en outre un <strong>enrichissement des processus de conception et de production<\/strong> qui garantissent <strong>plus d\u2019efficacit\u00e9 et de professionnalisme<\/strong> \u00e0 mettre au service des clients.<\/p>\n\n\n\n<p>Travailler en synergie signifie aussi une <strong>meilleure efficacit\u00e9 dans la gestion des achats de composants<\/strong> et une <strong>optimisation des temps de conception<\/strong>, avec le r\u00e9sultat d\u2019une <strong>plus grande rentabilit\u00e9<\/strong> au b\u00e9n\u00e9fice du client final.<\/p>\n\n\n\n<p>Gr\u00e2ce \u00e0 cette collaboration, les entreprises mettent \u00e0 la disposition des clients <strong>plus de <strong>160 ann\u00e9es d&rsquo;exp\u00e9rience cumul\u00e9es<\/strong><\/strong> et plus de <strong>820 installations effectu\u00e9es<\/strong>, aussi bien en plusieurs march\u00e9s europ\u00e9ens et extra-europ\u00e9ens.\u00a0\u00bb<\/p>\n\n\n\n<figure class=\"wp-block-pullquote\"><blockquote><p>Notre philosophie nous fait dire que la passion dans notre travail est ce que nous avons en commun : c\u2019est \u00e0 la base de toutes nos activit\u00e9s et, avec nos comp\u00e9tences, c\u2019est ce qui nous permet de progresser et de d\u00e9velopper constamment de nouveaux projets.<\/p><\/blockquote><\/figure>\n","protected":false},"excerpt":{"rendered":"\u00ab\u00a0SAMI D\u00c9VELOPPEMENT SA est une soci\u00e9t\u00e9 n\u00e9e en 2020&nbsp;: sp\u00e9cialis\u00e9e principalement dans le secteur agroalimentaire, mais avec une bonne pr\u00e9sence \u00e9galement dans les domaines pharmaceutique, cosm\u00e9tique et chimique, elle repr\u00e9sente la filiale d\u2019un groupe d\u2019entreprises, italiennes et suisses, exer\u00e7ant des activit\u00e9s de production diverses, notamment&nbsp;: Conception, ing\u00e9nierie, fabrication et assemblage des machines et installations de [&hellip;]","protected":false},"author":1,"featured_media":682,"parent":0,"menu_order":1,"comment_status":"closed","ping_status":"closed","template":"","meta":{"_acf_changed":false,"footnotes":""},"class_list":["post-723","page","type-page","status-publish","has-post-thumbnail","hentry"],"acf":[],"yoast_head":"<!-- This site is optimized with the Yoast SEO plugin v27.5 - https:\/\/yoast.com\/product\/yoast-seo-wordpress\/ -->\n<title>Qui sommes nous Notre histoire - SAMI SAMI D\u00e9veloppement SA<\/title>\n<meta name=\"description\" content=\"Nous sommes la filiale d\u2019un groupe d\u2019entreprises, italiennes et suisses, exer\u00e7ant des activit\u00e9s de production diverses\" \/>\n<meta name=\"robots\" content=\"index, follow, max-snippet:-1, max-image-preview:large, max-video-preview:-1\" \/>\n<link rel=\"canonical\" href=\"https:\/\/www.samideveloppement.com\/fr\/qui-nous-sommes\/\" \/>\n<meta property=\"og:locale\" content=\"fr_FR\" \/>\n<meta property=\"og:type\" content=\"article\" \/>\n<meta property=\"og:title\" content=\"Qui sommes nous Notre histoire - SAMI SAMI D\u00e9veloppement SA\" \/>\n<meta property=\"og:description\" content=\"Nous sommes la filiale d\u2019un groupe d\u2019entreprises, italiennes et suisses, exer\u00e7ant des activit\u00e9s de production diverses\" \/>\n<meta property=\"og:url\" content=\"https:\/\/www.samideveloppement.com\/fr\/qui-nous-sommes\/\" \/>\n<meta property=\"og:site_name\" content=\"SAMI\" \/>\n<meta property=\"article:modified_time\" content=\"2021-06-30T08:36:44+00:00\" \/>\n<meta property=\"og:image\" content=\"https:\/\/www.samideveloppement.com\/wp-content\/uploads\/2021\/03\/Chi_Siamo.webp\" \/>\n\t<meta property=\"og:image:width\" content=\"1920\" \/>\n\t<meta property=\"og:image:height\" content=\"1080\" \/>\n\t<meta property=\"og:image:type\" content=\"image\/webp\" \/>\n<meta name=\"twitter:card\" content=\"summary_large_image\" \/>\n<meta name=\"twitter:label1\" content=\"Dur\u00e9e de lecture estim\u00e9e\" \/>\n\t<meta name=\"twitter:data1\" content=\"2 minutes\" \/>\n<script type=\"application\/ld+json\" class=\"yoast-schema-graph\">{\"@context\":\"https:\\\/\\\/schema.org\",\"@graph\":[{\"@type\":\"WebPage\",\"@id\":\"https:\\\/\\\/www.samideveloppement.com\\\/fr\\\/qui-nous-sommes\\\/\",\"url\":\"https:\\\/\\\/www.samideveloppement.com\\\/fr\\\/qui-nous-sommes\\\/\",\"name\":\"Qui sommes nous Notre histoire - SAMI SAMI D\u00e9veloppement SA\",\"isPartOf\":{\"@id\":\"https:\\\/\\\/www.samideveloppement.com\\\/fr\\\/#website\"},\"primaryImageOfPage\":{\"@id\":\"https:\\\/\\\/www.samideveloppement.com\\\/fr\\\/qui-nous-sommes\\\/#primaryimage\"},\"image\":{\"@id\":\"https:\\\/\\\/www.samideveloppement.com\\\/fr\\\/qui-nous-sommes\\\/#primaryimage\"},\"thumbnailUrl\":\"https:\\\/\\\/www.samideveloppement.com\\\/wp-content\\\/uploads\\\/2021\\\/03\\\/Chi_Siamo.webp\",\"datePublished\":\"2021-03-16T14:13:55+00:00\",\"dateModified\":\"2021-06-30T08:36:44+00:00\",\"description\":\"Nous sommes la filiale d\u2019un groupe d\u2019entreprises, italiennes et suisses, exer\u00e7ant des activit\u00e9s de production diverses\",\"inLanguage\":\"fr-FR\",\"potentialAction\":[{\"@type\":\"ReadAction\",\"target\":[\"https:\\\/\\\/www.samideveloppement.com\\\/fr\\\/qui-nous-sommes\\\/\"]}]},{\"@type\":\"ImageObject\",\"inLanguage\":\"fr-FR\",\"@id\":\"https:\\\/\\\/www.samideveloppement.com\\\/fr\\\/qui-nous-sommes\\\/#primaryimage\",\"url\":\"https:\\\/\\\/www.samideveloppement.com\\\/wp-content\\\/uploads\\\/2021\\\/03\\\/Chi_Siamo.webp\",\"contentUrl\":\"https:\\\/\\\/www.samideveloppement.com\\\/wp-content\\\/uploads\\\/2021\\\/03\\\/Chi_Siamo.webp\",\"width\":1920,\"height\":1080},{\"@type\":\"WebSite\",\"@id\":\"https:\\\/\\\/www.samideveloppement.com\\\/fr\\\/#website\",\"url\":\"https:\\\/\\\/www.samideveloppement.com\\\/fr\\\/\",\"name\":\"SAMI\",\"description\":\"\",\"potentialAction\":[{\"@type\":\"SearchAction\",\"target\":{\"@type\":\"EntryPoint\",\"urlTemplate\":\"https:\\\/\\\/www.samideveloppement.com\\\/fr\\\/?s={search_term_string}\"},\"query-input\":{\"@type\":\"PropertyValueSpecification\",\"valueRequired\":true,\"valueName\":\"search_term_string\"}}],\"inLanguage\":\"fr-FR\"}]}<\/script>\n<!-- \/ Yoast SEO plugin. -->","yoast_head_json":{"title":"Qui sommes nous Notre histoire - SAMI SAMI D\u00e9veloppement SA","description":"Nous sommes la filiale d\u2019un groupe d\u2019entreprises, italiennes et suisses, exer\u00e7ant des activit\u00e9s de production diverses","robots":{"index":"index","follow":"follow","max-snippet":"max-snippet:-1","max-image-preview":"max-image-preview:large","max-video-preview":"max-video-preview:-1"},"canonical":"https:\/\/www.samideveloppement.com\/fr\/qui-nous-sommes\/","og_locale":"fr_FR","og_type":"article","og_title":"Qui sommes nous Notre histoire - SAMI SAMI D\u00e9veloppement SA","og_description":"Nous sommes la filiale d\u2019un groupe d\u2019entreprises, italiennes et suisses, exer\u00e7ant des activit\u00e9s de production diverses","og_url":"https:\/\/www.samideveloppement.com\/fr\/qui-nous-sommes\/","og_site_name":"SAMI","article_modified_time":"2021-06-30T08:36:44+00:00","og_image":[{"width":1920,"height":1080,"url":"https:\/\/www.samideveloppement.com\/wp-content\/uploads\/2021\/03\/Chi_Siamo.webp","type":"image\/webp"}],"twitter_card":"summary_large_image","twitter_misc":{"Dur\u00e9e de lecture estim\u00e9e":"2 minutes"},"schema":{"@context":"https:\/\/schema.org","@graph":[{"@type":"WebPage","@id":"https:\/\/www.samideveloppement.com\/fr\/qui-nous-sommes\/","url":"https:\/\/www.samideveloppement.com\/fr\/qui-nous-sommes\/","name":"Qui sommes nous Notre histoire - SAMI SAMI D\u00e9veloppement SA","isPartOf":{"@id":"https:\/\/www.samideveloppement.com\/fr\/#website"},"primaryImageOfPage":{"@id":"https:\/\/www.samideveloppement.com\/fr\/qui-nous-sommes\/#primaryimage"},"image":{"@id":"https:\/\/www.samideveloppement.com\/fr\/qui-nous-sommes\/#primaryimage"},"thumbnailUrl":"https:\/\/www.samideveloppement.com\/wp-content\/uploads\/2021\/03\/Chi_Siamo.webp","datePublished":"2021-03-16T14:13:55+00:00","dateModified":"2021-06-30T08:36:44+00:00","description":"Nous sommes la filiale d\u2019un groupe d\u2019entreprises, italiennes et suisses, exer\u00e7ant des activit\u00e9s de production diverses","inLanguage":"fr-FR","potentialAction":[{"@type":"ReadAction","target":["https:\/\/www.samideveloppement.com\/fr\/qui-nous-sommes\/"]}]},{"@type":"ImageObject","inLanguage":"fr-FR","@id":"https:\/\/www.samideveloppement.com\/fr\/qui-nous-sommes\/#primaryimage","url":"https:\/\/www.samideveloppement.com\/wp-content\/uploads\/2021\/03\/Chi_Siamo.webp","contentUrl":"https:\/\/www.samideveloppement.com\/wp-content\/uploads\/2021\/03\/Chi_Siamo.webp","width":1920,"height":1080},{"@type":"WebSite","@id":"https:\/\/www.samideveloppement.com\/fr\/#website","url":"https:\/\/www.samideveloppement.com\/fr\/","name":"SAMI","description":"","potentialAction":[{"@type":"SearchAction","target":{"@type":"EntryPoint","urlTemplate":"https:\/\/www.samideveloppement.com\/fr\/?s={search_term_string}"},"query-input":{"@type":"PropertyValueSpecification","valueRequired":true,"valueName":"search_term_string"}}],"inLanguage":"fr-FR"}]}},"_links":{"self":[{"href":"https:\/\/www.samideveloppement.com\/fr\/wp-json\/wp\/v2\/pages\/723","targetHints":{"allow":["GET"]}}],"collection":[{"href":"https:\/\/www.samideveloppement.com\/fr\/wp-json\/wp\/v2\/pages"}],"about":[{"href":"https:\/\/www.samideveloppement.com\/fr\/wp-json\/wp\/v2\/types\/page"}],"author":[{"embeddable":true,"href":"https:\/\/www.samideveloppement.com\/fr\/wp-json\/wp\/v2\/users\/1"}],"replies":[{"embeddable":true,"href":"https:\/\/www.samideveloppement.com\/fr\/wp-json\/wp\/v2\/comments?post=723"}],"version-history":[{"count":0,"href":"https:\/\/www.samideveloppement.com\/fr\/wp-json\/wp\/v2\/pages\/723\/revisions"}],"wp:featuredmedia":[{"embeddable":true,"href":"https:\/\/www.samideveloppement.com\/fr\/wp-json\/wp\/v2\/media\/682"}],"wp:attachment":[{"href":"https:\/\/www.samideveloppement.com\/fr\/wp-json\/wp\/v2\/media?parent=723"}],"curies":[{"name":"wp","href":"https:\/\/api.w.org\/{rel}","templated":true}]}}