{"id":439,"date":"2021-03-16T15:12:22","date_gmt":"2021-03-16T14:12:22","guid":{"rendered":"https:\/\/www.samideveloppement.com\/home\/"},"modified":"2021-04-13T10:27:47","modified_gmt":"2021-04-13T08:27:47","slug":"home","status":"publish","type":"page","link":"https:\/\/www.samideveloppement.com\/fr\/","title":{"rendered":"Home"},"content":{"rendered":"","protected":false},"excerpt":{"rendered":"","protected":false},"author":1,"featured_media":0,"parent":0,"menu_order":0,"comment_status":"closed","ping_status":"closed","template":"","meta":{"_acf_changed":false,"footnotes":""},"class_list":["post-439","page","type-page","status-publish","hentry"],"acf":[],"yoast_head":"<!-- This site is optimized with the Yoast SEO plugin v27.4 - https:\/\/yoast.com\/product\/yoast-seo-wordpress\/ -->\n<title>Home page - SAMI Sami D\u00e9veloppements<\/title>\n<meta name=\"description\" content=\"Ing\u00e9nierie d&#039;installations industrielles pour le secteur agroalimentaire et les secteurs pharmaceutique, cosm\u00e9tique et chimique.\" \/>\n<meta name=\"robots\" content=\"index, follow, max-snippet:-1, max-image-preview:large, max-video-preview:-1\" \/>\n<link rel=\"canonical\" href=\"https:\/\/www.samideveloppement.com\/fr\/\" \/>\n<meta property=\"og:locale\" content=\"fr_FR\" \/>\n<meta property=\"og:type\" content=\"article\" \/>\n<meta property=\"og:title\" content=\"Home page - SAMI Sami D\u00e9veloppements\" \/>\n<meta property=\"og:description\" content=\"Ing\u00e9nierie d&#039;installations industrielles pour le secteur agroalimentaire et les secteurs pharmaceutique, cosm\u00e9tique et chimique.\" \/>\n<meta property=\"og:url\" content=\"https:\/\/www.samideveloppement.com\/fr\/\" \/>\n<meta property=\"og:site_name\" content=\"SAMI\" \/>\n<meta property=\"article:modified_time\" content=\"2021-04-13T08:27:47+00:00\" \/>\n<meta name=\"twitter:card\" content=\"summary_large_image\" \/>\n<script type=\"application\/ld+json\" class=\"yoast-schema-graph\">{\"@context\":\"https:\\\/\\\/schema.org\",\"@graph\":[{\"@type\":\"WebPage\",\"@id\":\"https:\\\/\\\/www.samideveloppement.com\\\/fr\\\/\",\"url\":\"https:\\\/\\\/www.samideveloppement.com\\\/fr\\\/\",\"name\":\"Home page - SAMI Sami D\u00e9veloppements\",\"isPartOf\":{\"@id\":\"https:\\\/\\\/www.samideveloppement.com\\\/fr\\\/#website\"},\"datePublished\":\"2021-03-16T14:12:22+00:00\",\"dateModified\":\"2021-04-13T08:27:47+00:00\",\"description\":\"Ing\u00e9nierie d'installations industrielles pour le secteur agroalimentaire et les secteurs pharmaceutique, cosm\u00e9tique et chimique.\",\"inLanguage\":\"fr-FR\",\"potentialAction\":[{\"@type\":\"ReadAction\",\"target\":[\"https:\\\/\\\/www.samideveloppement.com\\\/fr\\\/\"]}]},{\"@type\":\"WebSite\",\"@id\":\"https:\\\/\\\/www.samideveloppement.com\\\/fr\\\/#website\",\"url\":\"https:\\\/\\\/www.samideveloppement.com\\\/fr\\\/\",\"name\":\"SAMI\",\"description\":\"\",\"potentialAction\":[{\"@type\":\"SearchAction\",\"target\":{\"@type\":\"EntryPoint\",\"urlTemplate\":\"https:\\\/\\\/www.samideveloppement.com\\\/fr\\\/?s={search_term_string}\"},\"query-input\":{\"@type\":\"PropertyValueSpecification\",\"valueRequired\":true,\"valueName\":\"search_term_string\"}}],\"inLanguage\":\"fr-FR\"}]}<\/script>\n<!-- \/ Yoast SEO plugin. -->","yoast_head_json":{"title":"Home page - SAMI Sami D\u00e9veloppements","description":"Ing\u00e9nierie d'installations industrielles pour le secteur agroalimentaire et les secteurs pharmaceutique, cosm\u00e9tique et chimique.","robots":{"index":"index","follow":"follow","max-snippet":"max-snippet:-1","max-image-preview":"max-image-preview:large","max-video-preview":"max-video-preview:-1"},"canonical":"https:\/\/www.samideveloppement.com\/fr\/","og_locale":"fr_FR","og_type":"article","og_title":"Home page - SAMI Sami D\u00e9veloppements","og_description":"Ing\u00e9nierie d'installations industrielles pour le secteur agroalimentaire et les secteurs pharmaceutique, cosm\u00e9tique et chimique.","og_url":"https:\/\/www.samideveloppement.com\/fr\/","og_site_name":"SAMI","article_modified_time":"2021-04-13T08:27:47+00:00","twitter_card":"summary_large_image","schema":{"@context":"https:\/\/schema.org","@graph":[{"@type":"WebPage","@id":"https:\/\/www.samideveloppement.com\/fr\/","url":"https:\/\/www.samideveloppement.com\/fr\/","name":"Home page - SAMI Sami D\u00e9veloppements","isPartOf":{"@id":"https:\/\/www.samideveloppement.com\/fr\/#website"},"datePublished":"2021-03-16T14:12:22+00:00","dateModified":"2021-04-13T08:27:47+00:00","description":"Ing\u00e9nierie d'installations industrielles pour le secteur agroalimentaire et les secteurs pharmaceutique, cosm\u00e9tique et chimique.","inLanguage":"fr-FR","potentialAction":[{"@type":"ReadAction","target":["https:\/\/www.samideveloppement.com\/fr\/"]}]},{"@type":"WebSite","@id":"https:\/\/www.samideveloppement.com\/fr\/#website","url":"https:\/\/www.samideveloppement.com\/fr\/","name":"SAMI","description":"","potentialAction":[{"@type":"SearchAction","target":{"@type":"EntryPoint","urlTemplate":"https:\/\/www.samideveloppement.com\/fr\/?s={search_term_string}"},"query-input":{"@type":"PropertyValueSpecification","valueRequired":true,"valueName":"search_term_string"}}],"inLanguage":"fr-FR"}]}},"_links":{"self":[{"href":"https:\/\/www.samideveloppement.com\/fr\/wp-json\/wp\/v2\/pages\/439","targetHints":{"allow":["GET"]}}],"collection":[{"href":"https:\/\/www.samideveloppement.com\/fr\/wp-json\/wp\/v2\/pages"}],"about":[{"href":"https:\/\/www.samideveloppement.com\/fr\/wp-json\/wp\/v2\/types\/page"}],"author":[{"embeddable":true,"href":"https:\/\/www.samideveloppement.com\/fr\/wp-json\/wp\/v2\/users\/1"}],"replies":[{"embeddable":true,"href":"https:\/\/www.samideveloppement.com\/fr\/wp-json\/wp\/v2\/comments?post=439"}],"version-history":[{"count":0,"href":"https:\/\/www.samideveloppement.com\/fr\/wp-json\/wp\/v2\/pages\/439\/revisions"}],"wp:attachment":[{"href":"https:\/\/www.samideveloppement.com\/fr\/wp-json\/wp\/v2\/media?parent=439"}],"curies":[{"name":"wp","href":"https:\/\/api.w.org\/{rel}","templated":true}]}}